{"id":263,"date":"2025-05-14T15:19:49","date_gmt":"2025-05-14T19:19:49","guid":{"rendered":"https:\/\/soniabitca.com\/?page_id=263"},"modified":"2026-02-09T09:45:51","modified_gmt":"2026-02-09T14:45:51","slug":"press","status":"publish","type":"page","link":"https:\/\/soniabitca.com\/ro\/press\/","title":{"rendered":"Prezen\u021b\u0103 \u00een media"},"content":{"rendered":"\n<p>Sonia Bitca \u00ee\u0219i \u00eemp\u0103rt\u0103\u0219e\u0219te experien\u021ba, \u00eencerc\u00e2nd s\u0103 banalizeze tumorile cerebrale \u0219i, \u00een special, faptul de a se afi\u0219a cu o cicatrice pe o cap\u0103\u021b\u00e2n\u0103 ras\u0103 (ambele videoclipuri sunt \u00een francez\u0103, iar subtitrarea \u00een rom\u00e2n\u0103 nu este perfect\u0103).<\/p>\n\n\n\n<div style=\"height:10px\" aria-hidden=\"true\" class=\"wp-block-spacer\"><\/div>\n\n\n\n<div class=\"wp-block-columns is-layout-flex wp-container-core-columns-is-layout-9d6595d7 wp-block-columns-is-layout-flex\">\n<div class=\"wp-block-column is-layout-flow wp-block-column-is-layout-flow\" style=\"flex-basis:66.66%\">\n<figure class=\"wp-block-embed is-type-video is-provider-youtube wp-block-embed-youtube wp-embed-aspect-16-9 wp-has-aspect-ratio\"><div class=\"wp-block-embed__wrapper\">\n<iframe loading=\"lazy\" title=\"The Beast in my Head avec Sonia Bitca\" width=\"500\" height=\"281\" src=\"https:\/\/www.youtube.com\/embed\/2oJYzlOegHY?feature=oembed\" frameborder=\"0\" allow=\"accelerometer; autoplay; clipboard-write; encrypted-media; gyroscope; picture-in-picture; web-share\" referrerpolicy=\"strict-origin-when-cross-origin\" allowfullscreen><\/iframe>\n<\/div><\/figure>\n<\/div>\n\n\n\n<div class=\"wp-block-column is-layout-flow wp-block-column-is-layout-flow\" style=\"flex-basis:33.33%\">\n<p>Invitat\u0103 la podcastul <em>Ma V\u00e9rit\u00e9<\/em> al lui <strong>JoaNie Coaching<\/strong>, autoarea demonstreaz\u0103 cu spontaneitate c\u0103 cele mai bune lucruri se \u00eent\u00e2mpl\u0103 \u00een cap.<\/p>\n\n\n\n<p>Mai 2025<\/p>\n<\/div>\n<\/div>\n\n\n\n<div class=\"wp-block-columns is-layout-flex wp-container-core-columns-is-layout-9d6595d7 wp-block-columns-is-layout-flex\">\n<div class=\"wp-block-column is-layout-flow wp-block-column-is-layout-flow\" style=\"flex-basis:66.66%\">\n<figure class=\"wp-block-embed is-type-video is-provider-youtube wp-block-embed-youtube wp-embed-aspect-16-9 wp-has-aspect-ratio\"><div class=\"wp-block-embed__wrapper\">\n<iframe loading=\"lazy\" title=\"\u00c0 raconte-moi ton histoire, je re\u00e7ois Sonia Bitca\" width=\"500\" height=\"281\" src=\"https:\/\/www.youtube.com\/embed\/4HIw8LmSTjg?feature=oembed\" frameborder=\"0\" allow=\"accelerometer; autoplay; clipboard-write; encrypted-media; gyroscope; picture-in-picture; web-share\" referrerpolicy=\"strict-origin-when-cross-origin\" allowfullscreen><\/iframe>\n<\/div><\/figure>\n<\/div>\n\n\n\n<div class=\"wp-block-column is-layout-flow wp-block-column-is-layout-flow\" style=\"flex-basis:33.33%\">\n<p>\u00cen direct cu <strong>Stephanie Lapointe<\/strong>, \u00een seria <em>Raconte-moi ton histoire<\/em>, cu o atitudine unic\u0103 \u0219i pozitiv\u0103, Sonia Bitca scoate la iveal\u0103 modul \u00een care a reu\u0219it s\u0103 transforme un obstacol \u00eentr-o oportunitate.<\/p>\n\n\n\n<p>August 2024<\/p>\n<\/div>\n<\/div>\n\n\n\n<p><\/p>\n","protected":false},"excerpt":{"rendered":"<p>Sonia Bitca \u00ee\u0219i \u00eemp\u0103rt\u0103\u0219e\u0219te experien\u021ba, \u00eencerc\u00e2nd s\u0103 banalizeze tumorile cerebrale \u0219i, \u00een special, faptul de a se afi\u0219a cu o cicatrice pe o cap\u0103\u021b\u00e2n\u0103 ras\u0103 (ambele videoclipuri sunt \u00een francez\u0103, iar subtitrarea \u00een rom\u00e2n\u0103 nu este perfect\u0103). Invitat\u0103 la podcastul Ma V\u00e9rit\u00e9 al lui JoaNie Coaching, autoarea demonstreaz\u0103 cu&#8230;<\/p>\n<div class=\"more-link-wrapper\"><a class=\"more-link\" href=\"https:\/\/soniabitca.com\/ro\/press\/\">Cite\u0219te mai departe<span class=\"screen-reader-text\">Prezen\u021b\u0103 \u00een media<\/span><\/a><\/div>\n","protected":false},"author":1,"featured_media":0,"parent":0,"menu_order":0,"comment_status":"closed","ping_status":"closed","template":"","meta":{"iawp_total_views":49,"footnotes":""},"class_list":["post-263","page","type-page","status-publish","hentry","entry"],"_links":{"self":[{"href":"https:\/\/soniabitca.com\/ro\/wp-json\/wp\/v2\/pages\/263","targetHints":{"allow":["GET"]}}],"collection":[{"href":"https:\/\/soniabitca.com\/ro\/wp-json\/wp\/v2\/pages"}],"about":[{"href":"https:\/\/soniabitca.com\/ro\/wp-json\/wp\/v2\/types\/page"}],"author":[{"embeddable":true,"href":"https:\/\/soniabitca.com\/ro\/wp-json\/wp\/v2\/users\/1"}],"replies":[{"embeddable":true,"href":"https:\/\/soniabitca.com\/ro\/wp-json\/wp\/v2\/comments?post=263"}],"version-history":[{"count":10,"href":"https:\/\/soniabitca.com\/ro\/wp-json\/wp\/v2\/pages\/263\/revisions"}],"predecessor-version":[{"id":299,"href":"https:\/\/soniabitca.com\/ro\/wp-json\/wp\/v2\/pages\/263\/revisions\/299"}],"wp:attachment":[{"href":"https:\/\/soniabitca.com\/ro\/wp-json\/wp\/v2\/media?parent=263"}],"curies":[{"name":"wp","href":"https:\/\/api.w.org\/{rel}","templated":true}]}}