{"id":23,"date":"2022-10-22T12:39:46","date_gmt":"2022-10-22T12:39:46","guid":{"rendered":"https:\/\/soniabitca.com\/?page_id=23"},"modified":"2026-04-01T20:24:40","modified_gmt":"2026-04-02T00:24:40","slug":"contact","status":"publish","type":"page","link":"https:\/\/soniabitca.com\/ro\/contact\/","title":{"rendered":"Contact"},"content":{"rendered":"\n<p class=\"has-foreground-color has-text-color has-regular-font-size\" style=\"font-style:normal;font-weight:300\">Hai s\u0103 lu\u0103m leg\u0103tura\u2026<\/p>\n\n\n\n<div class=\"wp-block-columns is-layout-flex wp-container-core-columns-is-layout-9d6595d7 wp-block-columns-is-layout-flex\">\n<div class=\"wp-block-column is-layout-flow wp-block-column-is-layout-flow\" style=\"flex-basis:100%\">\n[contact-form-block name_label=&#8221;Numele, v\u0103 rog&#8221; \n\t\temail_label=&#8221;Apoi, adresa de e-mail&#8221; \n\t\tmessage_label=&#8221;\u0218i mesajul&#8221; \n\t\theader=&#8221;false&#8221; \n\t\theader_image_id=&#8221;null&#8221; \n\t\theader_image_size=&#8221;50&#8243; \n\t\theader_image_align=&#8221;left&#8221; \n\t\theader_title=&#8221;Get in Touch&#8221; \n\t\theader_text=&#8221;Leave your message and we&#8217;ll get back to you shortly.&#8221; \n\t\tbutton_text=&#8221;Send&#8221; \n\t\tbutton_color=&#8221;#3d84f6&#8243; \n\t\tbutton_text_color=&#8221;white&#8221; \n\t\talign=&#8221;undefined&#8221; \n\t\ttheme=&#8221;default&#8221; \n\t\tmessage_rows=&#8221;5&#8243;][\/contact-form-block]\n<\/div>\n<\/div>\n\n\n\n<p><\/p>\n","protected":false},"excerpt":{"rendered":"<p>Hai s\u0103 lu\u0103m leg\u0103tura\u2026<\/p>\n","protected":false},"author":1,"featured_media":0,"parent":0,"menu_order":0,"comment_status":"closed","ping_status":"closed","template":"","meta":{"iawp_total_views":41,"footnotes":""},"class_list":["post-23","page","type-page","status-publish","hentry","entry"],"_links":{"self":[{"href":"https:\/\/soniabitca.com\/ro\/wp-json\/wp\/v2\/pages\/23","targetHints":{"allow":["GET"]}}],"collection":[{"href":"https:\/\/soniabitca.com\/ro\/wp-json\/wp\/v2\/pages"}],"about":[{"href":"https:\/\/soniabitca.com\/ro\/wp-json\/wp\/v2\/types\/page"}],"author":[{"embeddable":true,"href":"https:\/\/soniabitca.com\/ro\/wp-json\/wp\/v2\/users\/1"}],"replies":[{"embeddable":true,"href":"https:\/\/soniabitca.com\/ro\/wp-json\/wp\/v2\/comments?post=23"}],"version-history":[{"count":21,"href":"https:\/\/soniabitca.com\/ro\/wp-json\/wp\/v2\/pages\/23\/revisions"}],"predecessor-version":[{"id":375,"href":"https:\/\/soniabitca.com\/ro\/wp-json\/wp\/v2\/pages\/23\/revisions\/375"}],"wp:attachment":[{"href":"https:\/\/soniabitca.com\/ro\/wp-json\/wp\/v2\/media?parent=23"}],"curies":[{"name":"wp","href":"https:\/\/api.w.org\/{rel}","templated":true}]}}