{"id":21,"date":"2022-10-22T12:39:23","date_gmt":"2022-10-22T16:39:23","guid":{"rendered":"https:\/\/soniabitca.com\/?page_id=21"},"modified":"2026-02-09T09:10:24","modified_gmt":"2026-02-09T14:10:24","slug":"bookstore","status":"publish","type":"page","link":"https:\/\/soniabitca.com\/ro\/bookstore\/","title":{"rendered":"Cartea"},"content":{"rendered":"<div class=\"wp-block-image is-resized is-style-default\">\n<figure class=\"alignleft size-full\"><img loading=\"lazy\" decoding=\"async\" width=\"320\" height=\"512\" src=\"https:\/\/soniabitca.com\/wp-content\/uploads\/2022\/10\/TheBeastInMyHeadCover.jpg\" alt=\"The beast In My Head's book front cover\" class=\"wp-image-86\" srcset=\"https:\/\/soniabitca.com\/wp-content\/uploads\/2022\/10\/TheBeastInMyHeadCover.jpg 320w, https:\/\/soniabitca.com\/wp-content\/uploads\/2022\/10\/TheBeastInMyHeadCover-188x300.jpg 188w\" sizes=\"auto, (max-width: 320px) 100vw, 320px\" \/><\/figure>\n<\/div>\n\n\n<p class=\"has-foreground-color has-text-color has-link-color has-regular-font-size wp-elements-66d7c3fdae604b02e95f265b570c3d6e\" style=\"font-style:normal;font-weight:300\">81% autobiografie<br>12% sarcasm<br>7% \u00eenflorituri<\/p>\n\n\n\n<p>O colec\u021bie de fragmente care scot la lumin\u0103 g\u00e2ndurile autoarei, etal\u00e2nd ce se \u00eent\u00e2mpl\u0103 \u00een capul ei, precum \u0219i ce-i \u00eendur\u0103 capul, cum ar fi cicatricile din copil\u0103rie, tumoarea dezvoltat\u0103 pe creierul s\u0103u adult, cicatricea l\u0103sat\u0103 \u00een urma a dou\u0103 interven\u021bii chirurgicale, dragostea sa pentru cai, aversiunea fa\u021b\u0103 de p\u0103r \u0219i fascina\u021bia pentru oameni.<\/p>\n\n\n\n<div style=\"height:1px\" aria-hidden=\"true\" class=\"wp-block-spacer\"><\/div>\n\n\n\n<p>Cartea este disponibil\u0103 \u00een edi\u021bie tip\u0103rit\u0103 \u0219i ebook&#8230;<br>Procura\u021bi-v\u0103 un exemplar de la unul dintre principalii comercian\u021bi online accesibili la nivel mondial.<\/p>\n\n\n\n<figure class=\"wp-block-image size-large is-resized\"><a href=\"https:\/\/books.friesenpress.com\/store\/title\/119734000228746120\/Sonia-Bitca-The-Beast-in-My-Head\" target=\"_blank\" rel=\"noreferrer noopener\"><img loading=\"lazy\" decoding=\"async\" width=\"1024\" height=\"344\" src=\"https:\/\/soniabitca.com\/wp-content\/uploads\/2022\/10\/FriesenPress-buy-logo-1024x344.png\" alt=\"FriesenPress buy now logo\" class=\"wp-image-179\" style=\"aspect-ratio:2.976648610890319;width:170px;height:auto\" srcset=\"https:\/\/soniabitca.com\/wp-content\/uploads\/2022\/10\/FriesenPress-buy-logo-1024x344.png 1024w, https:\/\/soniabitca.com\/wp-content\/uploads\/2022\/10\/FriesenPress-buy-logo-300x101.png 300w, https:\/\/soniabitca.com\/wp-content\/uploads\/2022\/10\/FriesenPress-buy-logo-768x258.png 768w, https:\/\/soniabitca.com\/wp-content\/uploads\/2022\/10\/FriesenPress-buy-logo-1536x516.png 1536w, https:\/\/soniabitca.com\/wp-content\/uploads\/2022\/10\/FriesenPress-buy-logo-2048x688.png 2048w\" sizes=\"auto, (max-width: 1024px) 100vw, 1024px\" \/><\/a><figcaption class=\"wp-element-caption\"> <br><\/figcaption><\/figure>\n\n\n\n<figure class=\"wp-block-image size-full is-resized\"><a href=\"https:\/\/www.amazon.ca\/gp\/product\/1039147100\/ref=x_gr_bb_amazon?ie=UTF8&#038;tag=x_gr_bb_amazon_ca-20&#038;linkCode=as2&#038;camp=15121&#038;creative=330641\" target=\"_blank\" rel=\"noreferrer noopener\"><img loading=\"lazy\" decoding=\"async\" width=\"725\" height=\"233\" src=\"https:\/\/soniabitca.com\/wp-content\/uploads\/2022\/11\/Amazon-buy-logo.jpg\" alt=\"Amazon buy now logo\" class=\"wp-image-195\" style=\"aspect-ratio:3.1115880847190263;width:168px;height:auto\" srcset=\"https:\/\/soniabitca.com\/wp-content\/uploads\/2022\/11\/Amazon-buy-logo.jpg 725w, https:\/\/soniabitca.com\/wp-content\/uploads\/2022\/11\/Amazon-buy-logo-300x96.jpg 300w\" sizes=\"auto, (max-width: 725px) 100vw, 725px\" \/><\/a><figcaption class=\"wp-element-caption\">  <br><\/figcaption><\/figure>\n\n\n\n<figure class=\"wp-block-image size-large is-resized\"><a href=\"https:\/\/www.barnesandnoble.com\/w\/the-beast-in-my-head-sonia-bitca\/1142552374?ean=9781039147119\" target=\"_blank\" rel=\"noreferrer noopener\"><img loading=\"lazy\" decoding=\"async\" width=\"1024\" height=\"343\" src=\"https:\/\/soniabitca.com\/wp-content\/uploads\/2022\/11\/Nook-buy-logo-1024x343.png\" alt=\"Barnes &#038; Noble buy now logo\" class=\"wp-image-201\" style=\"aspect-ratio:2.985330593165408;width:167px;height:auto\" srcset=\"https:\/\/soniabitca.com\/wp-content\/uploads\/2022\/11\/Nook-buy-logo-1024x343.png 1024w, https:\/\/soniabitca.com\/wp-content\/uploads\/2022\/11\/Nook-buy-logo-300x101.png 300w, https:\/\/soniabitca.com\/wp-content\/uploads\/2022\/11\/Nook-buy-logo-768x257.png 768w, https:\/\/soniabitca.com\/wp-content\/uploads\/2022\/11\/Nook-buy-logo-1536x515.png 1536w, https:\/\/soniabitca.com\/wp-content\/uploads\/2022\/11\/Nook-buy-logo-2048x686.png 2048w\" sizes=\"auto, (max-width: 1024px) 100vw, 1024px\" \/><\/a><\/figure>\n\n\n\n<p><\/p>\n\n\n\n<p>Dac\u0103 v\u0103 afla\u021bi \u00een zon\u0103, cartea este disponibil\u0103 \u0219i la <a href=\"https:\/\/paragraphbooks.com\/pages\/about-us\" data-type=\"link\" data-id=\"https:\/\/paragraphbooks.com\/pages\/about-us\">Libr\u0103ria Paragraphe<\/a>, situat\u0103 pe bulevardul McGill College, \u00een inima ora\u0219ului Montr\u00e9al.<\/p>\n\n\n\n<figure class=\"wp-block-image size-medium is-resized\"><a href=\"https:\/\/paragraphbooks.com\/pages\/about-us\"><img loading=\"lazy\" decoding=\"async\" width=\"300\" height=\"100\" src=\"https:\/\/soniabitca.com\/wp-content\/uploads\/2025\/05\/logo-Paragraphe-300x100.webp\" alt=\"Paragraphe Bookstore Logo\" class=\"wp-image-259\" style=\"width:208px;height:auto\" srcset=\"https:\/\/soniabitca.com\/wp-content\/uploads\/2025\/05\/logo-Paragraphe-300x100.webp 300w, https:\/\/soniabitca.com\/wp-content\/uploads\/2025\/05\/logo-Paragraphe-768x256.webp 768w, https:\/\/soniabitca.com\/wp-content\/uploads\/2025\/05\/logo-Paragraphe.webp 900w\" sizes=\"auto, (max-width: 300px) 100vw, 300px\" \/><\/a><\/figure>\n\n\n\n<p><\/p>\n","protected":false},"excerpt":{"rendered":"<p>81% autobiografie12% sarcasm7% \u00eenflorituri O colec\u021bie de fragmente care scot la lumin\u0103 g\u00e2ndurile autoarei, etal\u00e2nd ce se \u00eent\u00e2mpl\u0103 \u00een capul ei, precum \u0219i ce-i \u00eendur\u0103 capul, cum ar fi cicatricile din copil\u0103rie, tumoarea dezvoltat\u0103 pe creierul s\u0103u adult, cicatricea l\u0103sat\u0103 \u00een urma a dou\u0103 interven\u021bii chirurgicale, dragostea sa pentru&#8230;<\/p>\n<div class=\"more-link-wrapper\"><a class=\"more-link\" href=\"https:\/\/soniabitca.com\/ro\/bookstore\/\">Cite\u0219te mai departe<span class=\"screen-reader-text\">Cartea<\/span><\/a><\/div>\n","protected":false},"author":1,"featured_media":0,"parent":0,"menu_order":0,"comment_status":"closed","ping_status":"closed","template":"","meta":{"iawp_total_views":96,"footnotes":""},"class_list":["post-21","page","type-page","status-publish","hentry","entry"],"_links":{"self":[{"href":"https:\/\/soniabitca.com\/ro\/wp-json\/wp\/v2\/pages\/21","targetHints":{"allow":["GET"]}}],"collection":[{"href":"https:\/\/soniabitca.com\/ro\/wp-json\/wp\/v2\/pages"}],"about":[{"href":"https:\/\/soniabitca.com\/ro\/wp-json\/wp\/v2\/types\/page"}],"author":[{"embeddable":true,"href":"https:\/\/soniabitca.com\/ro\/wp-json\/wp\/v2\/users\/1"}],"replies":[{"embeddable":true,"href":"https:\/\/soniabitca.com\/ro\/wp-json\/wp\/v2\/comments?post=21"}],"version-history":[{"count":43,"href":"https:\/\/soniabitca.com\/ro\/wp-json\/wp\/v2\/pages\/21\/revisions"}],"predecessor-version":[{"id":286,"href":"https:\/\/soniabitca.com\/ro\/wp-json\/wp\/v2\/pages\/21\/revisions\/286"}],"wp:attachment":[{"href":"https:\/\/soniabitca.com\/ro\/wp-json\/wp\/v2\/media?parent=21"}],"curies":[{"name":"wp","href":"https:\/\/api.w.org\/{rel}","templated":true}]}}