{"id":2,"date":"2022-10-22T15:00:00","date_gmt":"2022-10-22T19:00:00","guid":{"rendered":"https:\/\/soniabitca.com\/?page_id=2"},"modified":"2026-02-09T09:32:53","modified_gmt":"2026-02-09T14:32:53","slug":"author","status":"publish","type":"page","link":"https:\/\/soniabitca.com\/ro\/author\/","title":{"rendered":"Autoarea"},"content":{"rendered":"<div class=\"wp-block-image\">\n<figure class=\"alignleft size-medium\"><img loading=\"lazy\" decoding=\"async\" width=\"200\" height=\"300\" src=\"https:\/\/soniabitca.com\/wp-content\/uploads\/2025\/05\/SoniaBitca-photo-200x300.jpg\" alt=\"picture of Sonia Bitca\" class=\"wp-image-274\" srcset=\"https:\/\/soniabitca.com\/wp-content\/uploads\/2025\/05\/SoniaBitca-photo-200x300.jpg 200w, https:\/\/soniabitca.com\/wp-content\/uploads\/2025\/05\/SoniaBitca-photo-683x1024.jpg 683w, https:\/\/soniabitca.com\/wp-content\/uploads\/2025\/05\/SoniaBitca-photo-768x1152.jpg 768w, https:\/\/soniabitca.com\/wp-content\/uploads\/2025\/05\/SoniaBitca-photo-1024x1536.jpg 1024w, https:\/\/soniabitca.com\/wp-content\/uploads\/2025\/05\/SoniaBitca-photo-1365x2048.jpg 1365w, https:\/\/soniabitca.com\/wp-content\/uploads\/2025\/05\/SoniaBitca-photo-scaled.jpg 1707w\" sizes=\"auto, (max-width: 200px) 100vw, 200px\" \/><\/figure>\n<\/div>\n\n\n<p class=\"has-foreground-color has-text-color has-regular-font-size\" style=\"font-style:normal;font-weight:300\">Sonia Bitca s-a n\u0103scut \u00een Rom\u00e2nia. Are o diplom\u0103 de masterat \u00een design multimedia. Dup\u0103 ce a lucrat mai mult de un deceniu \u00een domeniul IT, a ales s\u0103 fac\u0103 ceva diferit \u0219i s-a \u00eenrolat ca buc\u0103tar \u00een Marina Regal\u0103 Canadian\u0103 \u0219i, pe urm\u0103, \u00een Garda de Coast\u0103 Canadian\u0103, tot ca buc\u0103tar.<\/p>\n\n\n\n<p class=\"has-foreground-color has-text-color has-regular-font-size\" style=\"font-style:normal;font-weight:300\">La \u00eenceput a \u021binut creion \u0219i h\u00e2rtie la \u00eendem\u00e2n\u0103 pentru a-\u0219i satisface nevoia \u00eenn\u0103scut\u0103 de a desena \u0219i crea liste. Mai t\u00e2rziu, \u00een anii de facultate, a dat peste jurnalele extraordinare ale prietenilor designeri, un amestec de caligrafie \u0219i ilustra\u021bie, cercetare artistic\u0103 obsesiv\u0103 amestecat\u0103 cu declara\u021bii de dragoste \u0219i dileme existen\u021biale. A\u0219a se face c\u0103 a adoptat obiceiul de a nota g\u00e2ndurile care o asaltau. U\u0219or de f\u0103cut \u0219i f\u0103r\u0103 a avea impresia de a pierde timpul prietenilor. Este destul\u0103 h\u00e2rtie \u0219i destui octe\u021bi pentru a-i sus\u021bine specula\u021biile f\u0103r\u0103 cap \u0219i coad\u0103.<\/p>\n\n\n\n<p class=\"has-foreground-color has-text-color has-regular-font-size\" style=\"font-style:normal;font-weight:300\">Cartea s-a \u00eenfiripat datorit\u0103 c\u00e2torva prieteni care, interesa\u021bi de nout\u0103\u021bile ei, au avut r\u0103bdare s\u0103-i citeasc\u0103 manuscrisul \u0219i au \u00eencurajat-o s\u0103 scoat\u0103 la lumin\u0103 \u0219i s\u0103-\u0219i publice percep\u021bia asupra episodului care i-a afectat capul.<\/p>\n\n\n\n<p class=\"has-foreground-color has-text-color has-regular-font-size\" style=\"font-style:normal;font-weight:300\">C\u00e2nd nu este plecat\u0103 cu vaporul, Sonia Bitca locuie\u0219te \u00een Canada, mai precis \u00een legendarul ora\u0219 Quebec.<\/p>\n","protected":false},"excerpt":{"rendered":"<p>Sonia Bitca s-a n\u0103scut \u00een Rom\u00e2nia. Are o diplom\u0103 de masterat \u00een design multimedia. Dup\u0103 ce a lucrat mai mult de un deceniu \u00een domeniul IT, a ales s\u0103 fac\u0103 ceva diferit \u0219i s-a \u00eenrolat ca buc\u0103tar \u00een Marina Regal\u0103 Canadian\u0103 \u0219i, pe urm\u0103, \u00een Garda de Coast\u0103 Canadian\u0103,&#8230;<\/p>\n<div class=\"more-link-wrapper\"><a class=\"more-link\" href=\"https:\/\/soniabitca.com\/ro\/author\/\">Cite\u0219te mai departe<span class=\"screen-reader-text\">Autoarea<\/span><\/a><\/div>\n","protected":false},"author":1,"featured_media":0,"parent":0,"menu_order":0,"comment_status":"closed","ping_status":"closed","template":"","meta":{"iawp_total_views":25,"footnotes":""},"class_list":["post-2","page","type-page","status-publish","hentry","entry"],"_links":{"self":[{"href":"https:\/\/soniabitca.com\/ro\/wp-json\/wp\/v2\/pages\/2","targetHints":{"allow":["GET"]}}],"collection":[{"href":"https:\/\/soniabitca.com\/ro\/wp-json\/wp\/v2\/pages"}],"about":[{"href":"https:\/\/soniabitca.com\/ro\/wp-json\/wp\/v2\/types\/page"}],"author":[{"embeddable":true,"href":"https:\/\/soniabitca.com\/ro\/wp-json\/wp\/v2\/users\/1"}],"replies":[{"embeddable":true,"href":"https:\/\/soniabitca.com\/ro\/wp-json\/wp\/v2\/comments?post=2"}],"version-history":[{"count":20,"href":"https:\/\/soniabitca.com\/ro\/wp-json\/wp\/v2\/pages\/2\/revisions"}],"predecessor-version":[{"id":292,"href":"https:\/\/soniabitca.com\/ro\/wp-json\/wp\/v2\/pages\/2\/revisions\/292"}],"wp:attachment":[{"href":"https:\/\/soniabitca.com\/ro\/wp-json\/wp\/v2\/media?parent=2"}],"curies":[{"name":"wp","href":"https:\/\/api.w.org\/{rel}","templated":true}]}}