{"id":263,"date":"2025-05-14T15:19:49","date_gmt":"2025-05-14T19:19:49","guid":{"rendered":"https:\/\/soniabitca.com\/?page_id=263"},"modified":"2026-02-09T09:45:51","modified_gmt":"2026-02-09T14:45:51","slug":"press","status":"publish","type":"page","link":"https:\/\/soniabitca.com\/fr\/press\/","title":{"rendered":"Dans les m\u00e9dias"},"content":{"rendered":"\n<p>Sonia Bitca partage son exp\u00e9rience et son combat pour normaliser la tumeur c\u00e9r\u00e9brale et, plus particuli\u00e8rement, le fait de porter une cicatrice sur un cr\u00e2ne ras\u00e9 (les deux vid\u00e9os sont en fran\u00e7ais).<\/p>\n\n\n\n<div style=\"height:10px\" aria-hidden=\"true\" class=\"wp-block-spacer\"><\/div>\n\n\n\n<div class=\"wp-block-columns is-layout-flex wp-container-core-columns-is-layout-9d6595d7 wp-block-columns-is-layout-flex\">\n<div class=\"wp-block-column is-layout-flow wp-block-column-is-layout-flow\" style=\"flex-basis:66.66%\">\n<figure class=\"wp-block-embed is-type-video is-provider-youtube wp-block-embed-youtube wp-embed-aspect-16-9 wp-has-aspect-ratio\"><div class=\"wp-block-embed__wrapper\">\n<iframe loading=\"lazy\" title=\"The Beast in my Head avec Sonia Bitca\" width=\"500\" height=\"281\" src=\"https:\/\/www.youtube.com\/embed\/2oJYzlOegHY?feature=oembed\" frameborder=\"0\" allow=\"accelerometer; autoplay; clipboard-write; encrypted-media; gyroscope; picture-in-picture; web-share\" referrerpolicy=\"strict-origin-when-cross-origin\" allowfullscreen><\/iframe>\n<\/div><\/figure>\n<\/div>\n\n\n\n<div class=\"wp-block-column is-layout-flow wp-block-column-is-layout-flow\" style=\"flex-basis:33.33%\">\n<p>Invit\u00e9e au podcast <em>Ma V\u00e9rit\u00e9<\/em> de <strong>JoaNie Coaching<\/strong>, elle d\u00e9montre spontan\u00e9ment que le meilleur se passe dans la t\u00eate.<\/p>\n\n\n\n<p>Mai 2025<\/p>\n<\/div>\n<\/div>\n\n\n\n<div class=\"wp-block-columns is-layout-flex wp-container-core-columns-is-layout-9d6595d7 wp-block-columns-is-layout-flex\">\n<div class=\"wp-block-column is-layout-flow wp-block-column-is-layout-flow\" style=\"flex-basis:66.66%\">\n<figure class=\"wp-block-embed is-type-video is-provider-youtube wp-block-embed-youtube wp-embed-aspect-16-9 wp-has-aspect-ratio\"><div class=\"wp-block-embed__wrapper\">\n<iframe loading=\"lazy\" title=\"\u00c0 raconte-moi ton histoire, je re\u00e7ois Sonia Bitca\" width=\"500\" height=\"281\" src=\"https:\/\/www.youtube.com\/embed\/4HIw8LmSTjg?feature=oembed\" frameborder=\"0\" allow=\"accelerometer; autoplay; clipboard-write; encrypted-media; gyroscope; picture-in-picture; web-share\" referrerpolicy=\"strict-origin-when-cross-origin\" allowfullscreen><\/iframe>\n<\/div><\/figure>\n<\/div>\n\n\n\n<div class=\"wp-block-column is-layout-flow wp-block-column-is-layout-flow\" style=\"flex-basis:33.33%\">\n<p>En direct, avec <strong>St\u00e9phanie Lapointe<\/strong>, dans la s\u00e9rie <em>Raconte-moi ton histoire<\/em>, avec son attitude unique et positive, elle t\u00e9moigne de sa capacit\u00e9 \u00e0 transformer une \u00e9preuve en opportunit\u00e9.<\/p>\n\n\n\n<p>Ao\u00fbt 2024<\/p>\n<\/div>\n<\/div>\n\n\n\n<p><\/p>\n","protected":false},"excerpt":{"rendered":"<p>Sonia Bitca partage son exp\u00e9rience et son combat pour normaliser la tumeur c\u00e9r\u00e9brale et, plus particuli\u00e8rement, le fait de porter une cicatrice sur un cr\u00e2ne ras\u00e9 (les deux vid\u00e9os sont en fran\u00e7ais). Invit\u00e9e au podcast Ma V\u00e9rit\u00e9 de JoaNie Coaching, elle d\u00e9montre spontan\u00e9ment que le meilleur se passe dans&#8230;<\/p>\n<div class=\"more-link-wrapper\"><a class=\"more-link\" href=\"https:\/\/soniabitca.com\/fr\/press\/\">Cite\u0219te mai departe<span class=\"screen-reader-text\">Dans les m\u00e9dias<\/span><\/a><\/div>\n","protected":false},"author":1,"featured_media":0,"parent":0,"menu_order":0,"comment_status":"closed","ping_status":"closed","template":"","meta":{"iawp_total_views":49,"footnotes":""},"class_list":["post-263","page","type-page","status-publish","hentry","entry"],"_links":{"self":[{"href":"https:\/\/soniabitca.com\/fr\/wp-json\/wp\/v2\/pages\/263","targetHints":{"allow":["GET"]}}],"collection":[{"href":"https:\/\/soniabitca.com\/fr\/wp-json\/wp\/v2\/pages"}],"about":[{"href":"https:\/\/soniabitca.com\/fr\/wp-json\/wp\/v2\/types\/page"}],"author":[{"embeddable":true,"href":"https:\/\/soniabitca.com\/fr\/wp-json\/wp\/v2\/users\/1"}],"replies":[{"embeddable":true,"href":"https:\/\/soniabitca.com\/fr\/wp-json\/wp\/v2\/comments?post=263"}],"version-history":[{"count":10,"href":"https:\/\/soniabitca.com\/fr\/wp-json\/wp\/v2\/pages\/263\/revisions"}],"predecessor-version":[{"id":299,"href":"https:\/\/soniabitca.com\/fr\/wp-json\/wp\/v2\/pages\/263\/revisions\/299"}],"wp:attachment":[{"href":"https:\/\/soniabitca.com\/fr\/wp-json\/wp\/v2\/media?parent=263"}],"curies":[{"name":"wp","href":"https:\/\/api.w.org\/{rel}","templated":true}]}}