{"id":21,"date":"2022-10-22T12:39:23","date_gmt":"2022-10-22T16:39:23","guid":{"rendered":"https:\/\/soniabitca.com\/?page_id=21"},"modified":"2026-02-09T09:10:24","modified_gmt":"2026-02-09T14:10:24","slug":"bookstore","status":"publish","type":"page","link":"https:\/\/soniabitca.com\/fr\/bookstore\/","title":{"rendered":"Le Livre"},"content":{"rendered":"<div class=\"wp-block-image is-style-default\">\n<figure class=\"alignleft size-full is-resized\"><img loading=\"lazy\" decoding=\"async\" width=\"320\" height=\"512\" src=\"https:\/\/soniabitca.com\/wp-content\/uploads\/2022\/10\/TheBeastInMyHeadCover.jpg\" alt=\"The beast In My Head's book front cover\" class=\"wp-image-86\" style=\"width:240px;height:384px\" srcset=\"https:\/\/soniabitca.com\/wp-content\/uploads\/2022\/10\/TheBeastInMyHeadCover.jpg 320w, https:\/\/soniabitca.com\/wp-content\/uploads\/2022\/10\/TheBeastInMyHeadCover-188x300.jpg 188w\" sizes=\"auto, (max-width: 320px) 100vw, 320px\" \/><\/figure>\n<\/div>\n\n\n<p class=\"has-foreground-color has-text-color has-link-color has-regular-font-size wp-elements-c624f200f900b19a8dd0180e83d6f201\" style=\"font-style:normal;font-weight:300\">81% autobiographique<br>12% sarcasme<br>7% exag\u00e9ration<\/p>\n\n\n\n<p>Une collection de vignettes qui r\u00e9v\u00e8lent les pens\u00e9es de l&rsquo;auteure, mettant en lumi\u00e8re ce qui se passe dans sa t\u00eate et ce que sa t\u00eate subit, comme les cicatrices de l\u2019enfance, la tumeur d\u00e9velopp\u00e9e sur son cerveau d\u2019adulte, la cicatrice laiss\u00e9e par deux chirurgies, son amour des chevaux, son aversion pour les cheveux, son int\u00e9r\u00eat pour les humains.<\/p>\n\n\n\n<div style=\"height:1px\" aria-hidden=\"true\" class=\"wp-block-spacer\"><\/div>\n\n\n\n<p>Le livre est disponible en version papier et en version num\u00e9rique\u2026<br>Procurez-vous un exemplaire chez les principaux d\u00e9taillants en ligne partout au monde.<\/p>\n\n\n\n<figure class=\"wp-block-image size-large is-resized\"><a href=\"https:\/\/books.friesenpress.com\/store\/title\/119734000228746120\/Sonia-Bitca-The-Beast-in-My-Head\" target=\"_blank\" rel=\"noreferrer noopener\"><img loading=\"lazy\" decoding=\"async\" width=\"1024\" height=\"344\" src=\"https:\/\/soniabitca.com\/wp-content\/uploads\/2022\/10\/FriesenPress-buy-logo-1024x344.png\" alt=\"FriesenPress buy now logo\" class=\"wp-image-179\" style=\"width:187px;height:62px\" srcset=\"https:\/\/soniabitca.com\/wp-content\/uploads\/2022\/10\/FriesenPress-buy-logo-1024x344.png 1024w, https:\/\/soniabitca.com\/wp-content\/uploads\/2022\/10\/FriesenPress-buy-logo-300x101.png 300w, https:\/\/soniabitca.com\/wp-content\/uploads\/2022\/10\/FriesenPress-buy-logo-768x258.png 768w, https:\/\/soniabitca.com\/wp-content\/uploads\/2022\/10\/FriesenPress-buy-logo-1536x516.png 1536w, https:\/\/soniabitca.com\/wp-content\/uploads\/2022\/10\/FriesenPress-buy-logo-2048x688.png 2048w\" sizes=\"auto, (max-width: 1024px) 100vw, 1024px\" \/><\/a><figcaption class=\"wp-element-caption\"> <br><\/figcaption><\/figure>\n\n\n\n<figure class=\"wp-block-image size-full is-resized\"><a href=\"https:\/\/www.amazon.ca\/gp\/product\/1039147100\/ref=x_gr_bb_amazon?ie=UTF8&#038;tag=x_gr_bb_amazon_ca-20&#038;linkCode=as2&#038;camp=15121&#038;creative=330641\" target=\"_blank\" rel=\"noreferrer noopener\"><img loading=\"lazy\" decoding=\"async\" width=\"725\" height=\"233\" src=\"https:\/\/soniabitca.com\/wp-content\/uploads\/2022\/11\/Amazon-buy-logo.jpg\" alt=\"Amazon buy now logo\" class=\"wp-image-195\" style=\"width:187px;height:60px\" srcset=\"https:\/\/soniabitca.com\/wp-content\/uploads\/2022\/11\/Amazon-buy-logo.jpg 725w, https:\/\/soniabitca.com\/wp-content\/uploads\/2022\/11\/Amazon-buy-logo-300x96.jpg 300w\" sizes=\"auto, (max-width: 725px) 100vw, 725px\" \/><\/a><figcaption class=\"wp-element-caption\">  <br><\/figcaption><\/figure>\n\n\n\n<figure class=\"wp-block-image size-large is-resized\"><a href=\"https:\/\/www.barnesandnoble.com\/w\/the-beast-in-my-head-sonia-bitca\/1142552374?ean=9781039147119\" target=\"_blank\" rel=\"noreferrer noopener\"><img loading=\"lazy\" decoding=\"async\" width=\"1024\" height=\"343\" src=\"https:\/\/soniabitca.com\/wp-content\/uploads\/2022\/11\/Nook-buy-logo-1024x343.png\" alt=\"Barnes &#038; Noble buy now logo\" class=\"wp-image-201\" style=\"width:191px;height:64px\" srcset=\"https:\/\/soniabitca.com\/wp-content\/uploads\/2022\/11\/Nook-buy-logo-1024x343.png 1024w, https:\/\/soniabitca.com\/wp-content\/uploads\/2022\/11\/Nook-buy-logo-300x101.png 300w, https:\/\/soniabitca.com\/wp-content\/uploads\/2022\/11\/Nook-buy-logo-768x257.png 768w, https:\/\/soniabitca.com\/wp-content\/uploads\/2022\/11\/Nook-buy-logo-1536x515.png 1536w, https:\/\/soniabitca.com\/wp-content\/uploads\/2022\/11\/Nook-buy-logo-2048x686.png 2048w\" sizes=\"auto, (max-width: 1024px) 100vw, 1024px\" \/><\/a><\/figure>\n\n\n\n<p><\/p>\n\n\n\n<p>Si vous \u00eates dans les environs, le livre est disponible \u00e0 la <a href=\"https:\/\/paragraphbooks.com\/fr\/pages\/about-us\" data-type=\"link\" data-id=\"https:\/\/paragraphbooks.com\/pages\/about-us\">Librairie Paragraphe<\/a>, situ\u00e9e sur l&rsquo;avenue McGill College, en plein c\u0153ur de Montr\u00e9al.<\/p>\n\n\n\n<figure class=\"wp-block-image size-medium is-resized\"><a href=\"https:\/\/paragraphbooks.com\/pages\/about-us\"><img loading=\"lazy\" decoding=\"async\" width=\"300\" height=\"100\" src=\"https:\/\/soniabitca.com\/wp-content\/uploads\/2025\/05\/logo-Paragraphe-300x100.webp\" alt=\"Paragraphe Bookstore Logo\" class=\"wp-image-259\" style=\"width:208px;height:auto\" srcset=\"https:\/\/soniabitca.com\/wp-content\/uploads\/2025\/05\/logo-Paragraphe-300x100.webp 300w, https:\/\/soniabitca.com\/wp-content\/uploads\/2025\/05\/logo-Paragraphe-768x256.webp 768w, https:\/\/soniabitca.com\/wp-content\/uploads\/2025\/05\/logo-Paragraphe.webp 900w\" sizes=\"auto, (max-width: 300px) 100vw, 300px\" \/><\/a><\/figure>\n\n\n\n<p><\/p>\n","protected":false},"excerpt":{"rendered":"<p>81% autobiographique12% sarcasme7% exag\u00e9ration Une collection de vignettes qui r\u00e9v\u00e8lent les pens\u00e9es de l&rsquo;auteure, mettant en lumi\u00e8re ce qui se passe dans sa t\u00eate et ce que sa t\u00eate subit, comme les cicatrices de l\u2019enfance, la tumeur d\u00e9velopp\u00e9e sur son cerveau d\u2019adulte, la cicatrice laiss\u00e9e par deux chirurgies, son&#8230;<\/p>\n<div class=\"more-link-wrapper\"><a class=\"more-link\" href=\"https:\/\/soniabitca.com\/fr\/bookstore\/\">Cite\u0219te mai departe<span class=\"screen-reader-text\">Le Livre<\/span><\/a><\/div>\n","protected":false},"author":1,"featured_media":0,"parent":0,"menu_order":0,"comment_status":"closed","ping_status":"closed","template":"","meta":{"iawp_total_views":96,"footnotes":""},"class_list":["post-21","page","type-page","status-publish","hentry","entry"],"_links":{"self":[{"href":"https:\/\/soniabitca.com\/fr\/wp-json\/wp\/v2\/pages\/21","targetHints":{"allow":["GET"]}}],"collection":[{"href":"https:\/\/soniabitca.com\/fr\/wp-json\/wp\/v2\/pages"}],"about":[{"href":"https:\/\/soniabitca.com\/fr\/wp-json\/wp\/v2\/types\/page"}],"author":[{"embeddable":true,"href":"https:\/\/soniabitca.com\/fr\/wp-json\/wp\/v2\/users\/1"}],"replies":[{"embeddable":true,"href":"https:\/\/soniabitca.com\/fr\/wp-json\/wp\/v2\/comments?post=21"}],"version-history":[{"count":43,"href":"https:\/\/soniabitca.com\/fr\/wp-json\/wp\/v2\/pages\/21\/revisions"}],"predecessor-version":[{"id":286,"href":"https:\/\/soniabitca.com\/fr\/wp-json\/wp\/v2\/pages\/21\/revisions\/286"}],"wp:attachment":[{"href":"https:\/\/soniabitca.com\/fr\/wp-json\/wp\/v2\/media?parent=21"}],"curies":[{"name":"wp","href":"https:\/\/api.w.org\/{rel}","templated":true}]}}